{"id":21978,"date":"2022-07-18T14:17:27","date_gmt":"2022-07-18T14:17:27","guid":{"rendered":"https:\/\/pretoepinho.com\/?page_id=21978"},"modified":"2025-05-07T09:39:50","modified_gmt":"2025-05-07T09:39:50","slug":"marcas","status":"publish","type":"page","link":"https:\/\/pretoepinho.com\/pt-pt\/marcas\/","title":{"rendered":"Marcas"},"content":{"rendered":"\t\t<div data-elementor-type=\"wp-page\" data-elementor-id=\"21978\" class=\"elementor elementor-21978\">\n\t\t\t\t<div class=\"elementor-element elementor-element-87e9557 e-flex e-con-boxed e-con e-parent\" data-id=\"87e9557\" data-element_type=\"container\">\n\t\t\t\t\t<div class=\"e-con-inner\">\n\t\t<div class=\"elementor-element elementor-element-f49a2a6 e-con-full e-flex e-con e-child\" data-id=\"f49a2a6\" data-element_type=\"container\">\n\t\t\t\t<div class=\"elementor-element elementor-element-e4a4387 elementor-widget elementor-widget-image\" data-id=\"e4a4387\" data-element_type=\"widget\" data-widget_type=\"image.default\">\n\t\t\t\t<div class=\"elementor-widget-container\">\n\t\t\t\t\t\t\t\t\t\t\t\t\t\t\t\t<a href=\"https:\/\/www.azzurraceramica.it\/\">\n\t\t\t\t\t\t\t<img fetchpriority=\"high\" decoding=\"async\" width=\"500\" height=\"700\" src=\"https:\/\/pretoepinho.com\/wp-content\/uploads\/2022\/07\/azzurra.jpg\" class=\"attachment-large size-large wp-image-21995\" alt=\"Marcas de Artigos Sanit\u00e1rios | Preto &amp; Pinho\" \/>\t\t\t\t\t\t\t\t<\/a>\n\t\t\t\t\t\t\t\t\t\t\t\t\t\t\t<\/div>\n\t\t\t\t<\/div>\n\t\t\t\t<div class=\"elementor-element elementor-element-69ee8de elementor-widget elementor-widget-heading\" data-id=\"69ee8de\" data-element_type=\"widget\" data-widget_type=\"heading.default\">\n\t\t\t\t<div class=\"elementor-widget-container\">\n\t\t\t\t\t<h2 class=\"elementor-heading-title elementor-size-default\">Azzurra<\/h2>\t\t\t\t<\/div>\n\t\t\t\t<\/div>\n\t\t\t\t<\/div>\n\t\t<div class=\"elementor-element elementor-element-5415664 e-con-full e-flex e-con e-child\" data-id=\"5415664\" data-element_type=\"container\">\n\t\t\t\t<div class=\"elementor-element elementor-element-6647b74 elementor-widget elementor-widget-image\" data-id=\"6647b74\" data-element_type=\"widget\" data-widget_type=\"image.default\">\n\t\t\t\t<div class=\"elementor-widget-container\">\n\t\t\t\t\t\t\t\t\t\t\t\t\t\t\t\t<a href=\"https:\/\/www.caleido.it\/\">\n\t\t\t\t\t\t\t<img decoding=\"async\" width=\"500\" height=\"700\" src=\"https:\/\/pretoepinho.com\/wp-content\/uploads\/2022\/07\/Caleido.jpg\" class=\"attachment-large size-large wp-image-21987\" alt=\"\" \/>\t\t\t\t\t\t\t\t<\/a>\n\t\t\t\t\t\t\t\t\t\t\t\t\t\t\t<\/div>\n\t\t\t\t<\/div>\n\t\t\t\t<div class=\"elementor-element elementor-element-1ef15ea elementor-widget elementor-widget-heading\" data-id=\"1ef15ea\" data-element_type=\"widget\" data-widget_type=\"heading.default\">\n\t\t\t\t<div class=\"elementor-widget-container\">\n\t\t\t\t\t<h2 class=\"elementor-heading-title elementor-size-default\">Caleido<\/h2>\t\t\t\t<\/div>\n\t\t\t\t<\/div>\n\t\t\t\t<\/div>\n\t\t<div class=\"elementor-element elementor-element-d9ba70f e-con-full e-flex e-con e-child\" data-id=\"d9ba70f\" data-element_type=\"container\">\n\t\t\t\t<div class=\"elementor-element elementor-element-2f67e4d elementor-widget elementor-widget-image\" data-id=\"2f67e4d\" data-element_type=\"widget\" data-widget_type=\"image.default\">\n\t\t\t\t<div class=\"elementor-widget-container\">\n\t\t\t\t\t\t\t\t\t\t\t\t\t\t\t\t<a href=\"https:\/\/www.ceramicadavinci.com\/\">\n\t\t\t\t\t\t\t<img decoding=\"async\" width=\"500\" height=\"700\" src=\"https:\/\/pretoepinho.com\/wp-content\/uploads\/2022\/07\/Da-Vinci-Cera\u0301mica.jpg\" class=\"attachment-large size-large wp-image-21989\" alt=\"\" \/>\t\t\t\t\t\t\t\t<\/a>\n\t\t\t\t\t\t\t\t\t\t\t\t\t\t\t<\/div>\n\t\t\t\t<\/div>\n\t\t\t\t<div class=\"elementor-element elementor-element-efcea2b elementor-widget elementor-widget-heading\" data-id=\"efcea2b\" data-element_type=\"widget\" data-widget_type=\"heading.default\">\n\t\t\t\t<div class=\"elementor-widget-container\">\n\t\t\t\t\t<h2 class=\"elementor-heading-title elementor-size-default\">Da Vinci Cer\u00e2mica<\/h2>\t\t\t\t<\/div>\n\t\t\t\t<\/div>\n\t\t\t\t<\/div>\n\t\t\t\t\t<\/div>\n\t\t\t\t<\/div>\n\t\t<div class=\"elementor-element elementor-element-a1262eb e-flex e-con-boxed e-con e-parent\" data-id=\"a1262eb\" data-element_type=\"container\">\n\t\t\t\t\t<div class=\"e-con-inner\">\n\t\t<div class=\"elementor-element elementor-element-869adc5 e-con-full e-flex e-con e-child\" data-id=\"869adc5\" data-element_type=\"container\">\n\t\t\t\t<div class=\"elementor-element elementor-element-72b1a99 elementor-widget elementor-widget-image\" data-id=\"72b1a99\" data-element_type=\"widget\" data-widget_type=\"image.default\">\n\t\t\t\t<div class=\"elementor-widget-container\">\n\t\t\t\t\t\t\t\t\t\t\t\t\t\t\t\t<a href=\"https:\/\/www.cerdomus.com\/en\/home\">\n\t\t\t\t\t\t\t<img loading=\"lazy\" decoding=\"async\" width=\"500\" height=\"700\" src=\"https:\/\/pretoepinho.com\/wp-content\/uploads\/2022\/07\/Cerdomus.jpg\" class=\"attachment-large size-large wp-image-21993\" alt=\"\" \/>\t\t\t\t\t\t\t\t<\/a>\n\t\t\t\t\t\t\t\t\t\t\t\t\t\t\t<\/div>\n\t\t\t\t<\/div>\n\t\t\t\t<div class=\"elementor-element elementor-element-1cdb17d elementor-widget elementor-widget-heading\" data-id=\"1cdb17d\" data-element_type=\"widget\" data-widget_type=\"heading.default\">\n\t\t\t\t<div class=\"elementor-widget-container\">\n\t\t\t\t\t<h2 class=\"elementor-heading-title elementor-size-default\">Cerdomus<\/h2>\t\t\t\t<\/div>\n\t\t\t\t<\/div>\n\t\t\t\t<\/div>\n\t\t<div class=\"elementor-element elementor-element-01b6e7f e-con-full e-flex e-con e-child\" data-id=\"01b6e7f\" data-element_type=\"container\">\n\t\t\t\t<div class=\"elementor-element elementor-element-9760bcc elementor-widget elementor-widget-image\" data-id=\"9760bcc\" data-element_type=\"widget\" data-widget_type=\"image.default\">\n\t\t\t\t<div class=\"elementor-widget-container\">\n\t\t\t\t\t\t\t\t\t\t\t\t\t\t\t\t<a href=\"https:\/\/mcbath.eu\/\">\n\t\t\t\t\t\t\t<img loading=\"lazy\" decoding=\"async\" width=\"500\" height=\"700\" src=\"https:\/\/pretoepinho.com\/wp-content\/uploads\/2022\/07\/mcbath.jpg\" class=\"attachment-large size-large wp-image-21985\" alt=\"\" \/>\t\t\t\t\t\t\t\t<\/a>\n\t\t\t\t\t\t\t\t\t\t\t\t\t\t\t<\/div>\n\t\t\t\t<\/div>\n\t\t\t\t<div class=\"elementor-element elementor-element-3f4c275 elementor-widget elementor-widget-heading\" data-id=\"3f4c275\" data-element_type=\"widget\" data-widget_type=\"heading.default\">\n\t\t\t\t<div class=\"elementor-widget-container\">\n\t\t\t\t\t<h2 class=\"elementor-heading-title elementor-size-default\"><a href=\"https:\/\/mcbath.eu\/\">MC Bath<\/a><\/h2>\t\t\t\t<\/div>\n\t\t\t\t<\/div>\n\t\t\t\t<\/div>\n\t\t<div class=\"elementor-element elementor-element-e6e54b0 e-con-full e-flex e-con e-child\" data-id=\"e6e54b0\" data-element_type=\"container\">\n\t\t\t\t<\/div>\n\t\t\t\t\t<\/div>\n\t\t\t\t<\/div>\n\t\t\t\t<\/div>\n\t\t","protected":false},"excerpt":{"rendered":"<p>Azzurra Caleido Da Vinci Cer\u00e2mica Cerdomus MC Bath<\/p>\n","protected":false},"author":3,"featured_media":0,"parent":0,"menu_order":0,"comment_status":"closed","ping_status":"closed","template":"","meta":{"footnotes":""},"class_list":["post-21978","page","type-page","status-publish","hentry"],"yoast_head":"<!-- This site is optimized with the Yoast SEO plugin v24.2 - https:\/\/yoast.com\/wordpress\/plugins\/seo\/ -->\n<title>Marcas de Artigos Sanit\u00e1rios | Preto &amp; Pinho | Produtos Sanit\u00e1rios<\/title>\n<meta name=\"description\" content=\"Na Preto &amp; Pinho, trabalhamos com marcas de artigos sanit\u00e1rios de renome internacional. Solu\u00e7\u00f5es para projetos de arquitetura e design.\" \/>\n<meta name=\"robots\" content=\"index, follow, max-snippet:-1, max-image-preview:large, max-video-preview:-1\" \/>\n<link rel=\"canonical\" href=\"https:\/\/pretoepinho.com\/pt-pt\/marcas\/\" \/>\n<meta property=\"og:locale\" content=\"pt_PT\" \/>\n<meta property=\"og:type\" content=\"article\" \/>\n<meta property=\"og:title\" content=\"Marcas de Artigos Sanit\u00e1rios | Preto &amp; Pinho | Produtos Sanit\u00e1rios\" \/>\n<meta property=\"og:description\" content=\"Na Preto &amp; Pinho, trabalhamos com marcas de artigos sanit\u00e1rios de renome internacional. Solu\u00e7\u00f5es para projetos de arquitetura e design.\" \/>\n<meta property=\"og:url\" content=\"https:\/\/pretoepinho.com\/pt-pt\/marcas\/\" \/>\n<meta property=\"og:site_name\" content=\"Artigos Sanit\u00e1rios | Preto &amp; Pinho | Qualidade em Casas de Banho\" \/>\n<meta property=\"article:modified_time\" content=\"2025-05-07T09:39:50+00:00\" \/>\n<meta property=\"og:image\" content=\"https:\/\/pretoepinho.com\/wp-content\/uploads\/2022\/07\/azzurra.jpg\" \/>\n\t<meta property=\"og:image:width\" content=\"500\" \/>\n\t<meta property=\"og:image:height\" content=\"700\" \/>\n\t<meta property=\"og:image:type\" content=\"image\/jpeg\" \/>\n<meta name=\"twitter:card\" content=\"summary_large_image\" \/>\n<meta name=\"twitter:label1\" content=\"Tempo estimado de leitura\" \/>\n\t<meta name=\"twitter:data1\" content=\"2 minutos\" \/>\n<script type=\"application\/ld+json\" class=\"yoast-schema-graph\">{\"@context\":\"https:\/\/schema.org\",\"@graph\":[{\"@type\":\"WebPage\",\"@id\":\"https:\/\/pretoepinho.com\/pt-pt\/marcas\/\",\"url\":\"https:\/\/pretoepinho.com\/pt-pt\/marcas\/\",\"name\":\"Marcas de Artigos Sanit\u00e1rios | Preto & Pinho | Produtos Sanit\u00e1rios\",\"isPartOf\":{\"@id\":\"https:\/\/pretoepinho.com\/pt-pt\/#website\"},\"primaryImageOfPage\":{\"@id\":\"https:\/\/pretoepinho.com\/pt-pt\/marcas\/#primaryimage\"},\"image\":{\"@id\":\"https:\/\/pretoepinho.com\/pt-pt\/marcas\/#primaryimage\"},\"thumbnailUrl\":\"https:\/\/pretoepinho.com\/wp-content\/uploads\/2022\/07\/azzurra.jpg\",\"datePublished\":\"2022-07-18T14:17:27+00:00\",\"dateModified\":\"2025-05-07T09:39:50+00:00\",\"description\":\"Na Preto & Pinho, trabalhamos com marcas de artigos sanit\u00e1rios de renome internacional. Solu\u00e7\u00f5es para projetos de arquitetura e design.\",\"breadcrumb\":{\"@id\":\"https:\/\/pretoepinho.com\/pt-pt\/marcas\/#breadcrumb\"},\"inLanguage\":\"pt-PT\",\"potentialAction\":[{\"@type\":\"ReadAction\",\"target\":[\"https:\/\/pretoepinho.com\/pt-pt\/marcas\/\"]}]},{\"@type\":\"ImageObject\",\"inLanguage\":\"pt-PT\",\"@id\":\"https:\/\/pretoepinho.com\/pt-pt\/marcas\/#primaryimage\",\"url\":\"https:\/\/pretoepinho.com\/wp-content\/uploads\/2022\/07\/azzurra.jpg\",\"contentUrl\":\"https:\/\/pretoepinho.com\/wp-content\/uploads\/2022\/07\/azzurra.jpg\"},{\"@type\":\"BreadcrumbList\",\"@id\":\"https:\/\/pretoepinho.com\/pt-pt\/marcas\/#breadcrumb\",\"itemListElement\":[{\"@type\":\"ListItem\",\"position\":1,\"name\":\"In\u00edcio\",\"item\":\"https:\/\/pretoepinho.com\/pt-pt\/\"},{\"@type\":\"ListItem\",\"position\":2,\"name\":\"Marcas\"}]},{\"@type\":\"WebSite\",\"@id\":\"https:\/\/pretoepinho.com\/pt-pt\/#website\",\"url\":\"https:\/\/pretoepinho.com\/pt-pt\/\",\"name\":\"Artigos Sanit\u00e1rios | Preto &amp; Pinho | Qualidade em Casas de Banho\",\"description\":\"Alta qualidade e design em artigos sanit\u00e1rios\",\"potentialAction\":[{\"@type\":\"SearchAction\",\"target\":{\"@type\":\"EntryPoint\",\"urlTemplate\":\"https:\/\/pretoepinho.com\/pt-pt\/?s={search_term_string}\"},\"query-input\":{\"@type\":\"PropertyValueSpecification\",\"valueRequired\":true,\"valueName\":\"search_term_string\"}}],\"inLanguage\":\"pt-PT\"}]}<\/script>\n<!-- \/ Yoast SEO plugin. -->","yoast_head_json":{"title":"Marcas de Artigos Sanit\u00e1rios | Preto & Pinho | Produtos Sanit\u00e1rios","description":"Na Preto & Pinho, trabalhamos com marcas de artigos sanit\u00e1rios de renome internacional. Solu\u00e7\u00f5es para projetos de arquitetura e design.","robots":{"index":"index","follow":"follow","max-snippet":"max-snippet:-1","max-image-preview":"max-image-preview:large","max-video-preview":"max-video-preview:-1"},"canonical":"https:\/\/pretoepinho.com\/pt-pt\/marcas\/","og_locale":"pt_PT","og_type":"article","og_title":"Marcas de Artigos Sanit\u00e1rios | Preto & Pinho | Produtos Sanit\u00e1rios","og_description":"Na Preto & Pinho, trabalhamos com marcas de artigos sanit\u00e1rios de renome internacional. Solu\u00e7\u00f5es para projetos de arquitetura e design.","og_url":"https:\/\/pretoepinho.com\/pt-pt\/marcas\/","og_site_name":"Artigos Sanit\u00e1rios | Preto &amp; Pinho | Qualidade em Casas de Banho","article_modified_time":"2025-05-07T09:39:50+00:00","og_image":[{"width":500,"height":700,"url":"https:\/\/pretoepinho.com\/wp-content\/uploads\/2022\/07\/azzurra.jpg","type":"image\/jpeg"}],"twitter_card":"summary_large_image","twitter_misc":{"Tempo estimado de leitura":"2 minutos"},"schema":{"@context":"https:\/\/schema.org","@graph":[{"@type":"WebPage","@id":"https:\/\/pretoepinho.com\/pt-pt\/marcas\/","url":"https:\/\/pretoepinho.com\/pt-pt\/marcas\/","name":"Marcas de Artigos Sanit\u00e1rios | Preto & Pinho | Produtos Sanit\u00e1rios","isPartOf":{"@id":"https:\/\/pretoepinho.com\/pt-pt\/#website"},"primaryImageOfPage":{"@id":"https:\/\/pretoepinho.com\/pt-pt\/marcas\/#primaryimage"},"image":{"@id":"https:\/\/pretoepinho.com\/pt-pt\/marcas\/#primaryimage"},"thumbnailUrl":"https:\/\/pretoepinho.com\/wp-content\/uploads\/2022\/07\/azzurra.jpg","datePublished":"2022-07-18T14:17:27+00:00","dateModified":"2025-05-07T09:39:50+00:00","description":"Na Preto & Pinho, trabalhamos com marcas de artigos sanit\u00e1rios de renome internacional. Solu\u00e7\u00f5es para projetos de arquitetura e design.","breadcrumb":{"@id":"https:\/\/pretoepinho.com\/pt-pt\/marcas\/#breadcrumb"},"inLanguage":"pt-PT","potentialAction":[{"@type":"ReadAction","target":["https:\/\/pretoepinho.com\/pt-pt\/marcas\/"]}]},{"@type":"ImageObject","inLanguage":"pt-PT","@id":"https:\/\/pretoepinho.com\/pt-pt\/marcas\/#primaryimage","url":"https:\/\/pretoepinho.com\/wp-content\/uploads\/2022\/07\/azzurra.jpg","contentUrl":"https:\/\/pretoepinho.com\/wp-content\/uploads\/2022\/07\/azzurra.jpg"},{"@type":"BreadcrumbList","@id":"https:\/\/pretoepinho.com\/pt-pt\/marcas\/#breadcrumb","itemListElement":[{"@type":"ListItem","position":1,"name":"In\u00edcio","item":"https:\/\/pretoepinho.com\/pt-pt\/"},{"@type":"ListItem","position":2,"name":"Marcas"}]},{"@type":"WebSite","@id":"https:\/\/pretoepinho.com\/pt-pt\/#website","url":"https:\/\/pretoepinho.com\/pt-pt\/","name":"Artigos Sanit\u00e1rios | Preto &amp; Pinho | Qualidade em Casas de Banho","description":"Alta qualidade e design em artigos sanit\u00e1rios","potentialAction":[{"@type":"SearchAction","target":{"@type":"EntryPoint","urlTemplate":"https:\/\/pretoepinho.com\/pt-pt\/?s={search_term_string}"},"query-input":{"@type":"PropertyValueSpecification","valueRequired":true,"valueName":"search_term_string"}}],"inLanguage":"pt-PT"}]}},"_links":{"self":[{"href":"https:\/\/pretoepinho.com\/pt-pt\/wp-json\/wp\/v2\/pages\/21978","targetHints":{"allow":["GET"]}}],"collection":[{"href":"https:\/\/pretoepinho.com\/pt-pt\/wp-json\/wp\/v2\/pages"}],"about":[{"href":"https:\/\/pretoepinho.com\/pt-pt\/wp-json\/wp\/v2\/types\/page"}],"author":[{"embeddable":true,"href":"https:\/\/pretoepinho.com\/pt-pt\/wp-json\/wp\/v2\/users\/3"}],"replies":[{"embeddable":true,"href":"https:\/\/pretoepinho.com\/pt-pt\/wp-json\/wp\/v2\/comments?post=21978"}],"version-history":[{"count":4,"href":"https:\/\/pretoepinho.com\/pt-pt\/wp-json\/wp\/v2\/pages\/21978\/revisions"}],"predecessor-version":[{"id":31984,"href":"https:\/\/pretoepinho.com\/pt-pt\/wp-json\/wp\/v2\/pages\/21978\/revisions\/31984"}],"wp:attachment":[{"href":"https:\/\/pretoepinho.com\/pt-pt\/wp-json\/wp\/v2\/media?parent=21978"}],"curies":[{"name":"wp","href":"https:\/\/api.w.org\/{rel}","templated":true}]}}